{"id":94,"date":"2025-06-15T03:59:30","date_gmt":"2025-06-15T03:59:30","guid":{"rendered":"https:\/\/datxe.buituanhuy.click\/?page_id=94"},"modified":"2025-06-15T17:54:51","modified_gmt":"2025-06-15T17:54:51","slug":"van-chuyen-hanh-khach","status":"publish","type":"page","link":"https:\/\/dichvuxeghepgiare.com\/index.php\/van-chuyen-hanh-khach\/","title":{"rendered":"V\u1eadn chuy\u1ec3n h\u00e0nh kh\u00e1ch"},"content":{"rendered":"\n<p>Vi\u1ec7c Qu\u00fd kh\u00e1ch \u0111\u1eb7t d\u1ecbch v\u1ee5 \u0111\u01b0\u1ee3c hi\u1ec3u l\u00e0 \u0111\u1ed3ng \u00fd tu\u00e2n th\u1ee7 c\u00e1c ch\u00ednh s\u00e1ch d\u1ecbch v\u1ee5 c\u1ee7a&nbsp;<a href=\"https:\/\/datxegiare.vn\/\">\u0110\u1eb7t Xe Gi\u00e1 R\u1ebb<\/a>. Ch\u00fang t\u00f4i c\u00f3 th\u1ec3 c\u1eadp nh\u1eadt Ch\u00ednh s\u00e1ch d\u1ecbch v\u1ee5 v\u00e0o b\u1ea5t k\u1ef3 th\u1eddi \u0111i\u1ec3m n\u00e0o theo quy\u1ebft \u0111\u1ecbnh c\u1ee7a ch\u00fang t\u00f4i m\u00e0 kh\u00f4ng c\u1ea7n th\u00f4ng b\u00e1o tr\u1ef1c ti\u1ebfp cho Qu\u00fd kh\u00e1ch. Qu\u00fd kh\u00e1ch c\u00f3 tr\u00e1ch nhi\u1ec7m t\u1ef1 t\u00ecm hi\u1ec3u phi\u00ean b\u1ea3n m\u1edbi nh\u1ea5t tr\u00ean website c\u1ee7a ch\u00fang t\u00f4i.<\/p>\n\n\n\n<p><strong>I. X\u00e1c nh\u1eadn l\u1ecbch tr\u00ecnh:<\/strong><br>Sau khi \u0111\u1eb7t xe, ch\u00fang t\u00f4i s\u1ebd li\u00ean h\u1ec7 v\u1edbi Qu\u00fd kh\u00e1ch th\u00f4ng qua Zalo, email ho\u1eb7c g\u1ecdi \u0111i\u1ec7n m\u00e0 qu\u00fd kh\u00e1ch \u0111\u00e3 cung c\u1ea5p \u0111\u1ec3 x\u00e1c nh\u1eadn l\u1ecbch tr\u00ecnh. Qu\u00fd kh\u00e1ch vui l\u00f2ng ki\u1ec3m tra th\u00f4ng tin v\u00e0 th\u00f4ng b\u00e1o cho ch\u00fang t\u00f4i n\u1ebfu c\u00f3 b\u1ea5t k\u1ef3 sai s\u00f3t n\u00e0o.<\/p>\n\n\n\n<p>Ch\u00fang t\u00f4i c\u00f3 th\u1ec3 chia s\u1ebb T\u00ean, \u0110\u1ecba ch\u1ec9, M\u00e3 chuy\u1ebfn bay v\u00e0 S\u1ed1 \u0111i\u1ec7n tho\u1ea1i c\u1ee7a qu\u00fd kh\u00e1ch v\u1edbi l\u00e1i xe \u0111\u1ec3 thu\u1eadn ti\u1ec7n cho vi\u1ec7c \u0111\u01b0a v\u00e0 \u0111\u00f3n h\u00e0nh kh\u00e1ch.<\/p>\n\n\n\n<p><strong>II. Th\u1eddi gian ch\u1edd l\u00e1i xe v\u1edbi t\u1eebng d\u1ecbch v\u1ee5:<\/strong><\/p>\n\n\n\n<p>D\u1ecbch v\u1ee5 xe th\u00f4ng th\u01b0\u1eddng: L\u00e1i xe s\u1ebd ch\u1edd qu\u00fd kh\u00e1ch t\u1ed1i \u0111a 15 ph\u00fat t\u1ea1i \u0111i\u1ec3m \u0111\u00f3n qu\u00fd kh\u00e1ch y\u00eau c\u1ea7u. V\u01b0\u1ee3t qu\u00e1 th\u1eddi gian n\u00e0y, ch\u00fang t\u00f4i c\u00f3 th\u1ec3 h\u1ee7y chuy\u1ebfn m\u00e0 kh\u00f4ng ph\u1ea3i b\u1ed3i th\u01b0\u1eddng, ho\u1eb7c t\u00ednh ph\u00ed ch\u1edd kh\u00e1ch.<\/p>\n\n\n\n<p>D\u1ecbch v\u1ee5 \u0111i gh\u00e9p: Qu\u00fd kh\u00e1ch c\u1ea7n c\u00f3 m\u1eb7t \u0111\u00fang gi\u1edd \u0111\u00e3 th\u1ed1ng nh\u1ea5t v\u1edbi t\u00e0i x\u1ebf t\u1ea1i \u0111i\u1ec3m \u0111\u00f3n. Th\u1eddi gian ch\u1edd t\u1ed1i \u0111a l\u00e0 15 ph\u00fat khi h\u00e0nh kh\u00e1ch \u0111i chung \u0111\u1ed3ng \u00fd ch\u1edd.<\/p>\n\n\n\n<p>Khi qu\u00fd kh\u00e1ch cung c\u1ea5p \u0111\u1ea7y \u0111\u1ee7 th\u00f4ng tin nh\u01b0 M\u00e3 chuy\u1ebfn bay, th\u1eddi gian h\u1ea1 c\u00e1nh, c\u1ea5t c\u00e1nh v\u00e0 s\u1ea3nh ra, l\u00e1i xe s\u1ebd ch\u1edd ho\u1eb7c s\u1eafp x\u1ebfp xe \u0111\u00f3n ngay c\u1ea3 khi qu\u00fd kh\u00e1ch b\u1ecb ch\u1eadm chuy\u1ebfn bay.<\/p>\n\n\n\n<p><strong>III. Th\u1eddi gian ch\u1edd qu\u00fd kh\u00e1ch v\u1edbi t\u1eebng d\u1ecbch v\u1ee5:<\/strong><\/p>\n\n\n\n<p>D\u1ecbch v\u1ee5 xe th\u00f4ng th\u01b0\u1eddng: L\u00e1i xe s\u1ebd \u0111\u1ebfn \u0111\u00fang gi\u1edd v\u00e0 \u0111\u1ecba \u0111i\u1ec3m qu\u00fd kh\u00e1ch y\u00eau c\u1ea7u. N\u1ebfu l\u00e1i xe kh\u00f4ng \u0111\u1ebfn sau 15 ph\u00fat (s\u00e2n bay N\u1ed9i B\u00e0i) ho\u1eb7c 30 ph\u00fat (\u0111\u01b0\u1eddng d\u00e0i) so v\u1edbi gi\u1edd h\u1eb9n, qu\u00fd kh\u00e1ch c\u00f3 quy\u1ec1n chuy\u1ec3n sang \u0111i taxi v\u00e0 ch\u00fang t\u00f4i s\u1ebd b\u1ed3i th\u01b0\u1eddng ch\u00eanh l\u1ec7ch c\u01b0\u1edbc ph\u00ed t\u01b0\u01a1ng \u1ee9ng.<\/p>\n\n\n\n<p>D\u1ecbch v\u1ee5 \u0111i gh\u00e9p: L\u00e1i xe s\u1ebd \u0111\u1ebfn \u0111\u00f3n t\u1ea1i \u0111\u1ecba \u0111i\u1ec3m qu\u00fd kh\u00e1ch y\u00eau c\u1ea7u trong kho\u1ea3ng th\u1eddi gian +\/- 15 ph\u00fat so v\u1edbi gi\u1edd y\u00eau c\u1ea7u. Ch\u00fang t\u00f4i s\u1ebd th\u00f4ng b\u00e1o th\u1eddi gian \u0111\u00f3n ch\u00ednh x\u00e1c tr\u01b0\u1edbc t\u1ed1i thi\u1ec3u 30 ph\u00fat so v\u1edbi gi\u1edd kh\u1edfi h\u00e0nh.<\/p>\n\n\n\n<p><strong>IV. H\u1ee7y \u0111\u1eb7t xe\/Thay \u0111\u1ed5i l\u1ecbch tr\u00ecnh:<\/strong><\/p>\n\n\n\n<p>Qu\u00fd kh\u00e1ch c\u00f3 quy\u1ec1n h\u1ee7y \u0111\u1eb7t xe ho\u1eb7c thay \u0111\u1ed5i gi\u1edd \u0111i m\u00e0 kh\u00f4ng ph\u00e1t sinh chi ph\u00ed b\u1eb1ng c\u00e1ch g\u1ecdi \u0111i\u1ec7n t\u1edbi T\u1ed5ng \u0111\u00e0i 0911 04 1221 \u0111\u1ec3 th\u00f4ng b\u00e1o. Qu\u00fd kh\u00e1ch vui l\u00f2ng th\u00f4ng b\u00e1o thay \u0111\u1ed5i ho\u1eb7c h\u1ee7y chuy\u1ebfn c\u00e0ng s\u1edbm c\u00e0ng t\u1ed1t \u0111\u1ec3 ch\u00fang t\u00f4i \u0111i\u1ec1u ch\u1ec9nh l\u1ecbch tr\u00ecnh k\u1ecbp th\u1eddi.<\/p>\n\n\n\n<p><strong>V. Quy \u0111\u1ecbnh kh\u00e1c:<\/strong><\/p>\n\n\n\n<p>Qu\u00fd kh\u00e1ch kh\u00f4ng \u0111\u01b0\u1ee3c mang h\u00e0ng h\u00f3a c\u1ea5m theo quy \u0111\u1ecbnh ph\u00e1p lu\u1eadt hi\u1ec7n h\u00e0nh.<\/p>\n\n\n\n<p>Qu\u00fd kh\u00e1ch kh\u00f4ng \u0111\u01b0\u1ee3c h\u00fat thu\u1ed1c ho\u1eb7c \u0103n u\u1ed1ng g\u00e2y m\u1ea5t v\u1ec7 sinh trong xe.<\/p>\n\n\n\n<p>Trong m\u1ed9t s\u1ed1 tr\u01b0\u1eddng h\u1ee3p nh\u01b0 \u0111\u1ed9ng \u0111\u1ea5t, b\u00e3o l\u0169, \u0111\u01b0\u1eddng ng\u1eadp, ph\u01b0\u01a1ng ti\u1ec7n h\u1ecfng b\u1ea5t ng\u1edd\u2026 ch\u00fang t\u00f4i c\u00f3 quy\u1ec1n h\u1ee7y ho\u1eb7c \u0111\u1ebfn mu\u1ed9n h\u01a1n d\u1ef1 ki\u1ebfn ho\u1eb7c y\u00eau c\u1ea7u qu\u00fd kh\u00e1ch di chuy\u1ec3n \u0111\u1ebfn v\u1ecb tr\u00ed xe c\u1ee7a ch\u00fang t\u00f4i c\u00f3 th\u1ec3 ti\u1ebfp c\u1eadn b\u1ea1n g\u1ea7n nh\u1ea5t (ng\u00f5 nh\u1ecf, \u0111\u01b0\u1eddng c\u1ea5m\u2026).<\/p>\n","protected":false},"excerpt":{"rendered":"<p>Vi\u1ec7c Qu\u00fd kh\u00e1ch \u0111\u1eb7t d\u1ecbch v\u1ee5 \u0111\u01b0\u1ee3c hi\u1ec3u l\u00e0 \u0111\u1ed3ng \u00fd tu\u00e2n th\u1ee7 c\u00e1c ch\u00ednh s\u00e1ch d\u1ecbch v\u1ee5 c\u1ee7a&nbsp;\u0110\u1eb7t Xe Gi\u00e1 R\u1ebb. Ch\u00fang t\u00f4i c\u00f3 th\u1ec3 c\u1eadp nh\u1eadt Ch\u00ednh s\u00e1ch d\u1ecbch v\u1ee5 v\u00e0o b\u1ea5t k\u1ef3 th\u1eddi \u0111i\u1ec3m n\u00e0o theo quy\u1ebft \u0111\u1ecbnh c\u1ee7a ch\u00fang t\u00f4i m\u00e0 kh\u00f4ng c\u1ea7n th\u00f4ng b\u00e1o tr\u1ef1c ti\u1ebfp cho Qu\u00fd kh\u00e1ch. Qu\u00fd [&#8230;]\n","protected":false},"author":1,"featured_media":0,"parent":0,"menu_order":0,"comment_status":"closed","ping_status":"closed","template":"","meta":{"footnotes":""},"class_list":["post-94","page","type-page","status-publish","hentry"],"_links":{"self":[{"href":"https:\/\/dichvuxeghepgiare.com\/index.php\/wp-json\/wp\/v2\/pages\/94","targetHints":{"allow":["GET"]}}],"collection":[{"href":"https:\/\/dichvuxeghepgiare.com\/index.php\/wp-json\/wp\/v2\/pages"}],"about":[{"href":"https:\/\/dichvuxeghepgiare.com\/index.php\/wp-json\/wp\/v2\/types\/page"}],"author":[{"embeddable":true,"href":"https:\/\/dichvuxeghepgiare.com\/index.php\/wp-json\/wp\/v2\/users\/1"}],"replies":[{"embeddable":true,"href":"https:\/\/dichvuxeghepgiare.com\/index.php\/wp-json\/wp\/v2\/comments?post=94"}],"version-history":[{"count":2,"href":"https:\/\/dichvuxeghepgiare.com\/index.php\/wp-json\/wp\/v2\/pages\/94\/revisions"}],"predecessor-version":[{"id":209,"href":"https:\/\/dichvuxeghepgiare.com\/index.php\/wp-json\/wp\/v2\/pages\/94\/revisions\/209"}],"wp:attachment":[{"href":"https:\/\/dichvuxeghepgiare.com\/index.php\/wp-json\/wp\/v2\/media?parent=94"}],"curies":[{"name":"wp","href":"https:\/\/api.w.org\/{rel}","templated":true}]}}