{"id":84,"date":"2025-06-15T03:58:03","date_gmt":"2025-06-15T03:58:03","guid":{"rendered":"https:\/\/datxe.buituanhuy.click\/?page_id=84"},"modified":"2025-06-20T06:51:46","modified_gmt":"2025-06-20T06:51:46","slug":"taxi-di-tinh","status":"publish","type":"page","link":"https:\/\/dichvuxeghepgiare.com\/index.php\/taxi-di-tinh\/","title":{"rendered":"Taxi \u0111i t\u1ec9nh"},"content":{"rendered":"\n\n\t<section class=\"section\" id=\"section_411623691\">\n\t\t<div class=\"section-bg fill\" >\n\t\t\t\t\t\t\t\t\t\n\t\t\t\n\n\t\t<\/div>\n\n\t\t\n\n\t\t<div class=\"section-content relative\">\n\t\t\t\n\n<div class=\"row\"  id=\"row-44571901\">\n\n\n\t<div id=\"col-579961364\" class=\"col medium-8 small-12 large-8\"  >\n\t\t\t\t<div class=\"col-inner\"  >\n\t\t\t\n\t\t\t\n\n<h1 class=\"titletrenmb\">\u0110\u1eb7t Xe Taxi \u0110i T\u1ec9nh Gi\u00e1 R\u1ebb Ch\u1ec9 T\u1eeb 7.000 \u0111\u1ed3ng m\u1ed7i Km<\/h1>\n<p class=\"antrenmobile\">Th\u00e1ng 6 8, 2023<\/p>\n<hr \/>\n<div class=\"didongtext\">\u00a0<\/div>\n<div class=\"entry-content single-page\">\n<p><em>\u0110\u1eb7t Xe\u00a0<strong>Taxi \u0110i T\u1ec9nh<\/strong>\u00a0gi\u00e1 r\u1ebb ch\u1ec9 t\u1eeb\u00a0<strong>7.000\u0111\/Km<\/strong>, v\u1edbi m\u1ee9c gi\u00e1 n\u00e0y h\u00e0nh kh\u00e1ch ti\u1ebft ki\u1ec7m \u0111\u01b0\u1ee3c t\u1ed1i \u0111a t\u1eeb 30% \u2013 60% chi ph\u00ed so v\u1edbi c\u00e1c d\u1ecbch v\u1ee5 taxi truy\u1ec1n th\u1ed1ng.\u00a0<strong>Gi\u1ea3m th\u00eam \u0111\u1ebfn 60% chi\u1ec1u v\u1ec1<\/strong>.<\/em><\/p>\n<h2><strong>T\u1ed5ng \u0111\u00e0i \u0111\u1eb7t xe Taxi \u0111\u01b0\u1eddng d\u00e0i \u0111i t\u1ec9nh<\/strong><\/h2>\n<p>Nhu c\u1ea7u di chuy\u1ec3n c\u1ee7a ng\u01b0\u1eddi d\u00e2n hi\u1ec7n nay ng\u00e0y c\u00e0ng t\u0103ng cao, thay v\u00ec l\u1ef1a ch\u1ecdn \u0111i xe kh\u00e1ch \u1ed3n \u00e0o chen ch\u00fac th\u00ec s\u1ed1 l\u01b0\u1ee3ng l\u1edbn h\u00e0nh kh\u00e1ch hi\u1ec7n nay \u0111\u00e3 chuy\u1ec3n sang thu\u00ea taxi li\u00ean t\u1ec9nh gi\u00e1 r\u1ebb. \u0110\u00e2y l\u00e0 m\u1ed9t quy\u1ebft \u0111\u1ecbnh v\u00f4 c\u00f9ng ph\u00f9 h\u1ee3p v\u1edbi nh\u1eefng ng\u01b0\u1eddi th\u01b0\u1edfng xuy\u00ean \u0111i c\u00f4ng t\u00e1c ho\u1eb7c c\u1ea7n di chuy\u1ec3n trong ng\u00e0y. \u01afu \u0111i\u1ec3m khi \u0111\u1eb7t taxi \u0111i t\u1ec9nh l\u00e0:<\/p>\n<p><strong>\u0110\u1eb6T XE GI\u00c1 R\u1eba<\/strong>\u00a0l\u00e0 d\u1ecbch v\u1ee5\u00a0<strong>\u0111\u1eb7t xe<\/strong>\u00a0<strong>taxi \u0111i t\u1ec9nh<\/strong>\u00a0ti\u1ec7n l\u1ee3i, nhanh ch\u00f3ng v\u00e0 ti\u1ebft ki\u1ec7m nh\u1ea5t hi\u1ec7n nay. \u0110\u1ec3 \u0111\u01b0\u1ee3c b\u00e1o gi\u00e1 v\u00e0 \u0111\u1eb7t xe nhanh nh\u1ea5t, qu\u00fd h\u00e0nh kh\u00e1ch vui l\u00f2ng truy c\u1eadp website v\u00e0 \u0111\u0103ng k\u00fd t\u1ea1i form m\u1eabu ho\u1eb7c li\u00ean h\u1ec7:<\/p>\n<ul>\n<li aria-level=\"1\">Hotline: 0967.060.658 v\u00e0 g\u1eb7p t\u1ed5ng \u0111\u00e0i vi\u00ean h\u1ed7 tr\u1ee3.<\/li>\n<\/ul>\n<h2><span id=\"Bang_gia_Taxi_di_28_tinh_Mien_Bac_%E2%80%93_Mien_Trung\" class=\"ez-toc-section\"><\/span><strong>B\u1ea3ng gi\u00e1 Taxi \u0111i 28 t\u1ec9nh Mi\u1ec1n B\u1eafc \u2013 Mi\u1ec1n Trung<\/strong><\/h2>\n<p>Xin b\u00e1o gi\u00e1\u00a0<strong>\u0111\u1eb7t taxi \u0111i t\u1ec9nh<\/strong>\u00a0t\u1eeb H\u00e0 N\u1ed9i \u0111i 28 t\u1ec9nh t\u1eeb Ngh\u1ec7 An \u0111\u1ed5 ra mi\u1ec1n B\u1eafc \u0111\u1ec3 qu\u00fd kh\u00e1ch h\u00e0ng ti\u1ec7n theo d\u00f5i nh\u01b0 sau:<\/p>\n<table border=\"1\">\n<tbody>\n<tr>\n<td><strong>Kh\u1edfi h\u00e0nh t\u1eeb H\u00e0 N\u1ed9i<\/strong><\/td>\n<td><strong>Xe 4-5 ch\u1ed7<\/strong><\/td>\n<td><strong>Xe 7 ch\u1ed7<\/strong><\/td>\n<\/tr>\n<tr>\n<td>H\u00e0 N\u1ed9i \u2013 Ho\u00e0 B\u00ecnh<\/td>\n<td>450.000\u0111<\/td>\n<td>600.000<\/td>\n<\/tr>\n<tr>\n<td>H\u00e0 N\u1ed9i \u2013 S\u01a1n La<\/td>\n<td>2.000.000\u0111<\/td>\n<td>2.400.000\u0111<\/td>\n<\/tr>\n<tr>\n<td>H\u00e0 N\u1ed9i \u2013 \u0110i\u1ec7n Bi\u00ean<\/td>\n<td>2.500.000\u0111<\/td>\n<td>2.800.000\u0111<\/td>\n<\/tr>\n<tr>\n<td>H\u00e0 N\u1ed9i \u2013 Lai Ch\u00e2u<\/td>\n<td>2.300.000\u0111<\/td>\n<td>2.500.000\u0111<\/td>\n<\/tr>\n<tr>\n<td>H\u00e0 N\u1ed9i \u2013 L\u00e0o Cai<\/td>\n<td>1.800.000\u0111<\/td>\n<td>2.000.000\u0111<\/td>\n<\/tr>\n<tr>\n<td>H\u00e0 N\u1ed9i \u2013 H\u00e0 Giang<\/td>\n<td>1.800.000\u0111<\/td>\n<td>2.000.000\u0111<\/td>\n<\/tr>\n<tr>\n<td>H\u00e0 N\u1ed9i \u2013 Cao B\u1eb1ng<\/td>\n<td>1.300.000\u0111<\/td>\n<td>1.800.000\u0111<\/td>\n<\/tr>\n<tr>\n<td>H\u00e0 N\u1ed9i \u2013 B\u1eafc K\u1ea1n<\/td>\n<td>750.000\u0111<\/td>\n<td>1.000.000\u0111<\/td>\n<\/tr>\n<tr>\n<td>H\u00e0 N\u1ed9i \u2013 Y\u00ean B\u00e1i<\/td>\n<td>1.000.000\u0111<\/td>\n<td>1.300.000\u0111<\/td>\n<\/tr>\n<tr>\n<td>H\u00e0 N\u1ed9i \u2013 L\u1ea1ng S\u01a1n<\/td>\n<td>850.000\u0111<\/td>\n<td>1.000.000\u0111<\/td>\n<\/tr>\n<tr>\n<td>H\u00e0 N\u1ed9i \u2013\u00a0 Tuy\u00ean Quang<\/td>\n<td>750.000\u0111<\/td>\n<td>1.000.000\u0111<\/td>\n<\/tr>\n<tr>\n<td>H\u00e0 N\u1ed9i \u2013\u00a0 Th\u00e1i Nguy\u00ean<\/td>\n<td>500.000\u0111<\/td>\n<td>1.000.000\u0111<\/td>\n<\/tr>\n<tr>\n<td>H\u00e0 N\u1ed9i \u2013 Ph\u00fa Th\u1ecd<\/td>\n<td>500.000\u0111<\/td>\n<td>1.000.000\u0111<\/td>\n<\/tr>\n<tr>\n<td>H\u00e0 N\u1ed9i \u2013 B\u1eafc Giang<\/td>\n<td>300.000\u0111<\/td>\n<td>500.000\u0111<\/td>\n<\/tr>\n<tr>\n<td>H\u00e0 N\u1ed9i \u2013 Qu\u1ea3ng Ninh<\/td>\n<td>300.000\u0111<\/td>\n<td>500.000\u0111<\/td>\n<\/tr>\n<tr>\n<td>H\u00e0 N\u1ed9i \u2013 H\u1ea3i Ph\u00f2ng<\/td>\n<td>300.000\u0111<\/td>\n<td>500.000\u0111<\/td>\n<\/tr>\n<tr>\n<td>H\u00e0 N\u1ed9i \u2013 V\u0129nh Ph\u00fac<\/td>\n<td>600.000\u0111<\/td>\n<td>850.000\u0111<\/td>\n<\/tr>\n<tr>\n<td>H\u00e0 N\u1ed9i \u2013 B\u1eafc Ninh<\/td>\n<td>250.000\u0111<\/td>\n<td>500.000\u0111<\/td>\n<\/tr>\n<tr>\n<td>H\u00e0 N\u1ed9i \u2013\u00a0 H\u00e0 Nam<\/td>\n<td>250.000\u0111<\/td>\n<td>500.000\u0111<\/td>\n<\/tr>\n<tr>\n<td>H\u00e0 N\u1ed9i \u2013 H\u1ea3i D\u01b0\u01a1ng<\/td>\n<td>300.000\u0111<\/td>\n<td>500.000\u0111<\/td>\n<\/tr>\n<tr>\n<td>H\u00e0 N\u1ed9i \u2013 H\u01b0ng Y\u00ean<\/td>\n<td>250.000\u0111<\/td>\n<td>500.000\u0111<\/td>\n<\/tr>\n<tr>\n<td>H\u00e0 N\u1ed9i \u2013 Nam \u0110\u1ecbnh<\/td>\n<td>450.000\u0111<\/td>\n<td>750.000\u0111<\/td>\n<\/tr>\n<tr>\n<td>H\u00e0 N\u1ed9i \u2013 Ninh B\u00ecnh<\/td>\n<td>500.000\u0111<\/td>\n<td>750.000\u0111<\/td>\n<\/tr>\n<tr>\n<td>H\u00e0 N\u1ed9i \u2013 Th\u00e1i B\u00ecnh<\/td>\n<td>450.000\u0111<\/td>\n<td>750.000\u0111<\/td>\n<\/tr>\n<tr>\n<td>H\u00e0 N\u1ed9i \u2013 Thanh H\u00f3a<\/td>\n<td>750.000\u0111<\/td>\n<td>\u00a0<\/td>\n<\/tr>\n<tr>\n<td>H\u00e0 N\u1ed9i \u2013 Ngh\u1ec7 An<\/td>\n<td>1.000.000\u0111<\/td>\n<td>\u00a0<\/td>\n<\/tr>\n<\/tbody>\n<\/table>\n<blockquote>\n<p>(L\u01b0u \u00fd: B\u1ea3ng gi\u00e1 Taxi \u0111i t\u1ec9nh tr\u00ean ch\u1ec9 mang t\u00ednh ch\u1ea5t tham kh\u1ea3o, c\u01b0\u1edbc ph\u00ed c\u00f3 th\u1ec3 s\u1ebd thay \u0111\u1ed5i ph\u1ee5 thu\u1ed9c v\u00e0o \u0111i\u1ec3m xu\u1ea5t ph\u00e1t m\u00e0 kh\u00e1ch h\u00e0ng y\u00eau c\u1ea7u v\u00e0 kh\u00f4ng \u00e1p d\u1ee5ng trong d\u1ecbp l\u1ec5, t\u1ebft)<\/p>\n<\/blockquote>\n<h2><span id=\"Cac_loai_xe_Taxi_Di_Tinh_tai_DAT_XE_GIA_RE\" class=\"ez-toc-section\"><\/span><strong>C\u00e1c lo\u1ea1i xe Taxi \u0110i T\u1ec9nh t\u1ea1i \u0110\u1eb6T XE GI\u00c1 R\u1eba<\/strong><\/h2>\n<p>Hi\u1ec7n nay, to\u00e0n b\u1ed9 c\u1ee7a ch\u00fang t\u00f4i \u0111\u1ec1u l\u00e0 xe \u0111\u1eddi m\u1edbi v\u1edbi \u0111a d\u1ea1ng c\u00e1c d\u00f2ng 4, 7, 16 ch\u1ed7 \u0111\u1eddi\u00a0 2020, 2021, 2022\u2026.. V\u00ec th\u1ebf, m\u1ecdi h\u00e0ng kh\u00e1ch lu\u00f4n \u0111\u01b0\u1ee3c ph\u1ee5c v\u1ee5 m\u1ed9t chuy\u1ebfn \u0111i v\u1edbi khoang xe v\u00e0 c\u1ed1p r\u1ed9ng r\u00e3i, tho\u00e1ng m\u00e1t. M\u1ed9t s\u1ed1 d\u00f2ng xe \u0111ang s\u1eed d\u1ee5ng \u0111\u1ec3 di chuy\u1ec3n \u0111\u01b0\u1eddng d\u00e0i nh\u01b0:<\/p>\n<ul>\n<li aria-level=\"1\"><strong>Xe 4 ch\u1ed7, 5 ch\u1ed7 \u0111i t\u1ec9nh:<\/strong>\u00a0VFe34, VF6, Vios, Honda City, Acent, Mazda, Attrage.<\/li>\n<li aria-level=\"1\"><strong>Xe 7 ch\u1ed7 taxi ch\u1ea1y t\u1ec9nh:<\/strong>\u00a0Innova, Xpander, Carnival.<\/li>\n<li aria-level=\"1\"><strong>Xe 16 ch\u1ed7 \u0111i t\u1ec9nh:<\/strong>\u00a0Ford Transit, Solati.<\/li>\n<\/ul>\n<h2><span id=\"Cam_ket_khi_su_dung_Dich_vu_Taxi_di_tinh_tai_DAT_XE_GIA_RE\" class=\"ez-toc-section\"><\/span><strong>Cam k\u1ebft khi s\u1eed d\u1ee5ng D\u1ecbch v\u1ee5 Taxi \u0111i t\u1ec9nh t\u1ea1i \u0110\u1eb6T XE GI\u00c1 R\u1eba<\/strong><\/h2>\n<p>V\u1edbi ph\u01b0\u01a1ng ch\u00e2m mang \u0111\u1ebfn s\u1ef1\u00a0<strong>Ti\u1ec7n L\u1ee3i \u2013 Nhanh Ch\u00f3ng \u2013 Gi\u00e1 R\u1ebb<\/strong>, ch\u00fang t\u00f4i lu\u00f4n kh\u00f4ng ng\u1eebng n\u1ed5 l\u1ef1c \u0111\u1ec3 h\u00e0nh kh\u00e1ch \u0111\u01b0\u1ee3c tr\u1ea3i nghi\u1ec7m chuy\u1ebfn \u0111i h\u00e0i l\u00f2ng nh\u1ea5t.\u00a0<strong>\u0110\u1eb6T XE GI\u00c1 R\u1eba<\/strong>\u00a0 lu\u00f4n cam k\u1ebft\u00a0<strong>\u0110\u00daNG GI\u1edc, \u0110\u00daNG L\u1ed8 TR\u00ccNH, DI CHUY\u1ec2N AN TO\u00c0N.<\/strong><\/p>\n<h3><span id=\"1_Cam_ket_cua_DAT_XE_GIA_RE\" class=\"ez-toc-section\"><\/span><strong>1. Cam k\u1ebft c\u1ee7a \u0110\u1eb6T XE GI\u00c1 R\u1eba:<\/strong><\/h3>\n<p>Ch\u00fang t\u00f4i cam k\u1ebft lu\u00f4n l\u00e0m vi\u1ec7c v\u1edbi ph\u01b0\u01a1ng ch\u00e2m:\u00a0<strong>AN TO\u00c0N \u2013 \u0110\u00daNG H\u1eb8N \u2013 TI\u1ebeT KI\u1ec6M<\/strong>. mong mu\u1ed1n m\u1ed7i chuy\u1ebfn \u0111i s\u1ebd mang l\u1ea1i \u0111\u01b0\u1ee3c gi\u00e1 tr\u1ecb cao cho h\u00e0nh kh\u00e1ch, s\u1ef1 h\u00e0i l\u00f2ng v\u00e0 tho\u1ea3i m\u00e1i khi tr\u1ea3i nghi\u1ec7m. Ngo\u00e0i ra,\u00a0<strong>\u0110\u1eb6T XE GI\u00c1 R\u1eba<\/strong>\u00a0cam k\u1ebft:<\/p>\n<ul>\n<li aria-level=\"1\">Lu\u00f4n h\u1ed7 tr\u1ee3 h\u00e0nh kh\u00e1ch v\u00e0 t\u00e0i x\u1ebf trong su\u1ed1t qu\u00e1 tr\u00ecnh di chuy\u1ec3n.<\/li>\n<li aria-level=\"1\">100% c\u00e1c d\u00f2ng xe 4, 7, 16 ch\u1ed7 \u0111\u1ec1u l\u00e0 xe \u0111\u1eddi m\u1edbi, sang tr\u1ecdng, tho\u00e1ng m\u00e1t.<\/li>\n<li aria-level=\"1\">Cam k\u1ebft\u00a0<strong>GI\u00c1 C\u01af\u1edaC R\u1eba NH\u1ea4T<\/strong>\u00a0tr\u00ean th\u1ecb tr\u01b0\u1eddng hi\u1ec7n nay.<\/li>\n<li aria-level=\"1\">Ho\u00e0n l\u1ea1i 100% c\u01b0\u1edbc ph\u00ed n\u1ebfu kh\u00e1ch h\u00e0ng kh\u00f4ng h\u00e0i l\u00f2ng v\u1ec1 d\u1ecbch v\u1ee5.<\/li>\n<li aria-level=\"1\">H\u00f3a \u0111\u01a1n, h\u1ee3p \u0111\u1ed3ng \u0111\u1ea7y \u0111\u1ee7, \u0111\u00fang ph\u00e1p lu\u1eadt<\/li>\n<\/ul>\n<h3><span id=\"2_Cam_ket_cua_lai_xe\" class=\"ez-toc-section\"><\/span><strong>2. Cam k\u1ebft c\u1ee7a l\u00e1i xe:<\/strong><\/h3>\n<p>M\u1ed7i t\u00e0i x\u1ebf khi th\u1ef1c hi\u1ec7n m\u1ed9t chuy\u1ebfn \u0111i \u0111\u1ec1u cam k\u1ebft:<\/p>\n<ul>\n<li aria-level=\"1\">\u0102n m\u1eb7c l\u1ecbch s\u1ef1, th\u00e2n thi\u1ec7n, nhi\u1ec7t t\u00ecnh v\u00e0 trung th\u1ef1c.<\/li>\n<li aria-level=\"1\">100% li\u00ean h\u1ec7 v\u1edbi kh\u00e1ch h\u00e0ng \u0111\u1ec3 x\u00e1c nh\u1eadn \u0111i\u1ec3m \u0111\u00f3n tr\u01b0\u1edbc t\u1ed1i thi\u1ec3u 30 ph\u00fat tr\u01b0\u1edbc.<\/li>\n<li aria-level=\"1\">Lu\u00f4n gi\u1eef xe s\u1ea1ch s\u1ebd, tho\u00e1ng m\u00e1t \u0111\u1ec3 \u0111\u1ea3m b\u1ea3o tho\u1ea3i m\u00e1i nh\u1ea5t khi di chuy\u1ec3n.<\/li>\n<li aria-level=\"1\">\u0110\u1ea3m b\u1ea3o s\u1ee9c kh\u1ecfe v\u00e0 \u0111i\u1ec1u ki\u1ec7n l\u00e1i xe.<\/li>\n<li aria-level=\"1\">Tu\u00e2n th\u1ee7 nghi\u00eam ng\u1eb7t lu\u1eadt ATGT \u0111\u01b0\u1eddng b\u1ed9.<\/li>\n<\/ul>\n<h2><span id=\"Nhan_khuyen_mai_giam_ngay_50000d_khi_dat_taxi_di_tinh_tai_DXGR\" class=\"ez-toc-section\"><\/span><strong>Nh\u1eadn khuy\u1ebfn m\u00e3i gi\u1ea3m ngay 50.000\u0111 khi \u0111\u1eb7t taxi \u0111i t\u1ec9nh t\u1ea1i \u0110XGR<\/strong><\/h2>\n<p>V\u1edbi c\u01b0\u1edbc ph\u00ed ch\u1ec9 t\u1eeb\u00a0 7.000\u0111\/km \u0111\u1ed1i v\u1edbi nh\u1eefng cung \u0111\u01b0\u1eddng tr\u00ean 70KM, qu\u00fd h\u00e0nh kh\u00e1ch s\u1ebd \u0111\u01b0\u1ee3c ph\u1ee5c v\u1ee5 xe taxi ri\u00eang, di chuy\u1ec3n tho\u1ea3i m\u00e1i trong su\u1ed1t qu\u00e1 tr\u00ecnh. \u0110\u1eb7c bi\u1ec7t h\u01a1n khi\u00a0<strong>\u0110\u1eb6T XE GI\u00c1 R\u1eba<\/strong>\u00a0\u0111\u00e3 tung ra m\u00e3 gi\u1ea3m s\u00e2u cho m\u1ed7i kh\u00e1ch h\u00e0ng l\u1ea7n \u0111\u1ea7u ti\u00ean \u0111\u1eb7t xe. Gi\u1ea3m ngay 50.000\u0111 khi kh\u00e1ch h\u00e0ng \u0111\u1eb7t xe t\u1ea1i website c\u1ee7a ch\u00fang t\u00f4i.<\/p>\n<p>B\u00ean c\u1ea1nh \u0111\u00f3 c\u00f2n r\u1ea5t nhi\u1ec1u m\u00e3 gi\u1ea3m t\u1eeb 30-60% g\u1eedi t\u1edbi m\u1ecdi ng\u01b0\u1eddi nh\u1eb1m tri \u00e2n qu\u00fd h\u00e0nh kh\u00e1ch \u0111\u00e3 s\u1eed d\u1ee5ng d\u1ecbch v\u1ee5\u00a0<strong>xe \u0111i t\u1ec9nh gi\u00e1 r\u1ebb<\/strong>\u00a0t\u1ea1i \u0111\u00e2y. Ngo\u00e0i c\u00e1c m\u00e3 khuy\u1ebfn m\u00e3i h\u1ea5p d\u1eabn cho xe 4 ch\u1ed7 th\u00ec c\u00e1c d\u00f2ng xe 7 ch\u1ed7, 16 ch\u1ed7 c\u00f9ng \u0111\u01b0\u1ee3c h\u1ec7 th\u1ed1ng tung ra li\u00ean t\u1ee5c. V\u1edbi m\u1ee9c gi\u00e1 c\u01b0\u1edbc \u01b0u \u0111\u00e3i nh\u01b0 v\u1eady, h\u00e0nh kh\u00e1ch s\u1ebd ti\u1ebft ki\u1ec7m \u0111\u01b0\u1ee3c chi ph\u00ed \u0111\u00e1ng k\u1ec3.<\/p>\n<p><a href=\"tel:0911 04 1221\" target=\"_blank\" rel=\"noopener\"><img loading=\"lazy\" decoding=\"async\" class=\"aligncenter size-full wp-image-262 lazy-load-active\" src=\"https:\/\/datxegiare.vn\/wp-content\/uploads\/2023\/05\/dat-xe-tai-dat-xe-gia-re.jpg\" sizes=\"auto, (max-width: 800px) 100vw, 800px\" srcset=\"https:\/\/datxegiare.vn\/wp-content\/uploads\/2023\/05\/dat-xe-tai-dat-xe-gia-re.jpg 800w, https:\/\/datxegiare.vn\/wp-content\/uploads\/2023\/05\/dat-xe-tai-dat-xe-gia-re-300x60.jpg 300w, https:\/\/datxegiare.vn\/wp-content\/uploads\/2023\/05\/dat-xe-tai-dat-xe-gia-re-768x153.jpg 768w\" alt=\"\" width=\"800\" height=\"159\" data-src=\"https:\/\/datxegiare.vn\/wp-content\/uploads\/2023\/05\/dat-xe-tai-dat-xe-gia-re.jpg\" data-srcset=\"https:\/\/datxegiare.vn\/wp-content\/uploads\/2023\/05\/dat-xe-tai-dat-xe-gia-re.jpg 800w, https:\/\/datxegiare.vn\/wp-content\/uploads\/2023\/05\/dat-xe-tai-dat-xe-gia-re-300x60.jpg 300w, https:\/\/datxegiare.vn\/wp-content\/uploads\/2023\/05\/dat-xe-tai-dat-xe-gia-re-768x153.jpg 768w\" \/><\/a><\/p>\n<p><strong>\u0110\u1eb6T XE GI\u00c1 R\u1eba<\/strong>\u00a0l\u00e0 d\u1ecbch v\u1ee5 \u0111\u1eb7t<strong>\u00a0xe taxi \u0111i t\u1ec9nh gi\u00e1 r\u1ebb<\/strong>\u00a0ti\u1ec7n l\u1ee3i, nhanh ch\u00f3ng v\u00e0 t\u1ed1i \u01b0u \u0111\u01b0\u1ee3c chi ph\u00ed cho qu\u00fd h\u00e0nh kh\u00e1ch. Nhanh tay li\u00ean h\u1ec7 ngay t\u1ed5ng \u0111\u00e0i ti\u1ebfp nh\u1eadn v\u00e0 b\u00e1o gi\u00e1 c\u1ee5 th\u1ec3. \u0110\u1eebng qu\u00ean \u00e1p d\u1ee5ng c\u00e1c m\u00e3 gi\u1ea3m gi\u00e1 c\u1ee7a ch\u00fang t\u00f4i \u0111\u1ec3 di chuy\u1ec3n v\u1edbi m\u1ee9c gi\u00e1 th\u1ea5p nh\u1ea5t nh\u00e9.<\/p>\n<\/div>\n<div class=\"dxgr-box\">\n<p><strong style=\"color: #1a3bb8;\">L\u00ean k\u1ebf ho\u1ea1ch cho chuy\u1ebfn \u0111i ti\u1ebfp theo c\u1ee7a b\u1ea1n v\u1edbi \u0110XGR!<\/strong><\/p>\n<p><strong>S\u1eafp c\u00f3 k\u1ebf ho\u1ea1ch di chuy\u1ec3n trong th\u1eddi gian t\u1edbi?<\/strong> \u0110\u1eb7t xe &amp; Thi\u1ebft l\u1eadp l\u1ecbch tr\u00ecnh c\u1ee7a b\u1ea1n c\u00f9ng \u0110\u1eb7t Xe Gi\u00e1 R\u1ebb v\u00e0 h\u01a1n th\u1ebf n\u1eefa:<\/p>\n<p>\u2713 <strong style=\"color: #f39800;\">Taxi N\u1ed9i B\u00e0i Gi\u00e1 R\u1ebb:<\/strong> L\u1ef1a ch\u1ecdn t\u1ed1t nh\u1ea5t: Taxi S\u00e2n Bay 4 ch\u1ed7, <span style=\"color: #f39800;\">Taxi S\u00e2n Bay 7 ch\u1ed7<\/span>, Taxi S\u00e2n Bay 9 ch\u1ed7, <span style=\"color: #f39800;\">Taxi S\u00e2n Bay 16 ch\u1ed7<\/span><\/p>\n<p>\u2713 <strong style=\"color: #f39800;\">Taxi \u0111i li\u00ean t\u1ec9nh:<\/strong><\/p>\n<p>\u2713 <strong style=\"color: #f39800;\">\u0110\u1eb7t Xe Du l\u1ecbch:<\/strong> L\u1ef1a ch\u1ecdn t\u1ed1t nh\u1ea5t: \u0110\u1eb7t xe \u0111i t\u1ec9nh hai chi\u1ec1u, \u0110\u1eb7t xe 7 ch\u1ed7, <span style=\"color: #f39800;\">\u0110\u1eb7t xe 16 ch\u1ed7<\/span>, <span style=\"color: #f39800;\">\u0110\u1eb7t xe 45 ch\u1ed7<\/span><\/p>\n<p>\u2713 <span style=\"color: #f39800;\">D\u1ecbch v\u1ee5 l\u00e1i xe h\u1ed9<\/span><\/p>\n<p><strong>\u2713 Xe gh\u00e9p gi\u00e1 r\u1ebb:<\/strong> Tuy\u1ebfn \u0111\u01b0\u1eddng h\u00e0ng \u0111\u1ea7u: Xe Gh\u00e9p H\u00e0 N\u1ed9i V\u0129nh Ph\u00fac, Xe Gh\u00e9p H\u00e0 N\u1ed9i B\u1eafc Giang, Xe Gh\u00e9p H\u00e0 N\u1ed9i H\u01b0ng Y\u00ean, Xe Gh\u00e9p H\u00e0 N\u1ed9i H\u00f2a B\u00ecnh<\/p>\n<\/div>\n\n\t\t<\/div>\n\t\t\t\t\t<\/div>\n\n\t\n\n\t<div id=\"col-1820995757\" class=\"col medium-4 small-12 large-4\"  >\n\t\t\t\t<div class=\"col-inner\"  >\n\t\t\t\n\t\t\t\n\n<div class=\"container section-title-container\" ><h3 class=\"section-title section-title-normal\"><b><\/b><span class=\"section-title-main\" >C\u00e1c b\u00e0i vi\u1ebft g\u1ea7n \u0111\u00e2y<\/span><b><\/b><\/h3><\/div>\n\n\n  \n    <div class=\"row large-columns-1 medium-columns-1 small-columns-1 row-collapse\" >\n  <div class=\"col post-item\" >\n\t\t\t<div class=\"col-inner\">\n\t\t\t\t<div class=\"box box-vertical box-text-bottom box-blog-post has-hover\">\n            \t\t\t\t\t<div class=\"box-image\" style=\"width:43%;\">\n  \t\t\t\t\t\t<div class=\"image-cover\" style=\"padding-top:89%;\">\n\t\t\t\t\t\t\t<a href=\"https:\/\/dichvuxeghepgiare.com\/index.php\/2025\/06\/17\/dat-xe-taxi-di-san-bay-noi-bai-gia-re\/\" class=\"plain\" aria-label=\"\u0110\u1eb7t Xe Taxi \u0111i S\u00e2n Bay N\u1ed9i B\u00e0i Gi\u00e1 R\u1ebb\">\n\t\t\t\t\t\t\t\t<img loading=\"lazy\" decoding=\"async\" width=\"300\" height=\"300\" src=\"https:\/\/dichvuxeghepgiare.com\/wp-content\/uploads\/2025\/06\/dich-vu-dat-taxi-san-bay-noi-bai-1-768x768-1-300x300.jpg\" class=\"attachment-medium size-medium wp-post-image\" alt=\"\" srcset=\"https:\/\/dichvuxeghepgiare.com\/wp-content\/uploads\/2025\/06\/dich-vu-dat-taxi-san-bay-noi-bai-1-768x768-1-300x300.jpg 300w, https:\/\/dichvuxeghepgiare.com\/wp-content\/uploads\/2025\/06\/dich-vu-dat-taxi-san-bay-noi-bai-1-768x768-1-150x150.jpg 150w, https:\/\/dichvuxeghepgiare.com\/wp-content\/uploads\/2025\/06\/dich-vu-dat-taxi-san-bay-noi-bai-1-768x768-1-510x510.jpg 510w, https:\/\/dichvuxeghepgiare.com\/wp-content\/uploads\/2025\/06\/dich-vu-dat-taxi-san-bay-noi-bai-1-768x768-1-100x100.jpg 100w, https:\/\/dichvuxeghepgiare.com\/wp-content\/uploads\/2025\/06\/dich-vu-dat-taxi-san-bay-noi-bai-1-768x768-1.jpg 768w\" sizes=\"auto, (max-width: 300px) 100vw, 300px\" \/>\t\t\t\t\t\t\t<\/a>\n  \t\t\t\t\t\t\t  \t\t\t\t\t\t\t  \t\t\t\t\t\t<\/div>\n  \t\t\t\t\t\t  \t\t\t\t\t<\/div>\n          \t\t\t\t\t<div class=\"box-text text-center\" >\n\t\t\t\t\t<div class=\"box-text-inner blog-post-inner\">\n\n\t\t\t\t\t\n\t\t\t\t\t\t\t\t\t\t<h5 class=\"post-title is-large \">\n\t\t\t\t\t\t<a href=\"https:\/\/dichvuxeghepgiare.com\/index.php\/2025\/06\/17\/dat-xe-taxi-di-san-bay-noi-bai-gia-re\/\" class=\"plain\">\u0110\u1eb7t Xe Taxi \u0111i S\u00e2n Bay N\u1ed9i B\u00e0i Gi\u00e1 R\u1ebb<\/a>\n\t\t\t\t\t<\/h5>\n\t\t\t\t\t\t\t\t\t\t<div class=\"is-divider\"><\/div>\n\t\t\t\t\t                    \n\t\t\t\t\t\n\t\t\t\t\t\n\t\t\t\t\t<\/div>\n\t\t\t\t\t<\/div>\n\t\t\t\t\t\t\t\t\t<\/div>\n\t\t\t<\/div>\n\t\t<\/div><div class=\"col post-item\" >\n\t\t\t<div class=\"col-inner\">\n\t\t\t\t<div class=\"box box-vertical box-text-bottom box-blog-post has-hover\">\n            \t\t\t\t\t<div class=\"box-image\" style=\"width:43%;\">\n  \t\t\t\t\t\t<div class=\"image-cover\" style=\"padding-top:89%;\">\n\t\t\t\t\t\t\t<a href=\"https:\/\/dichvuxeghepgiare.com\/index.php\/2025\/06\/17\/top-5-xe-limousine-ha-noi-hai-duong-gia-re-dich-vu-tot-nhat\/\" class=\"plain\" aria-label=\"Top 5 xe limousine H\u00e0 N\u1ed9i H\u1ea3i D\u01b0\u01a1ng gi\u00e1 r\u1ebb, d\u1ecbch v\u1ee5 t\u1ed1t nh\u1ea5t\">\n\t\t\t\t\t\t\t\t<img loading=\"lazy\" decoding=\"async\" width=\"300\" height=\"225\" src=\"https:\/\/dichvuxeghepgiare.com\/wp-content\/uploads\/2025\/06\/datxegiare-7-768x575-1-300x225.jpg\" class=\"attachment-medium size-medium wp-post-image\" alt=\"\" srcset=\"https:\/\/dichvuxeghepgiare.com\/wp-content\/uploads\/2025\/06\/datxegiare-7-768x575-1-300x225.jpg 300w, https:\/\/dichvuxeghepgiare.com\/wp-content\/uploads\/2025\/06\/datxegiare-7-768x575-1-510x382.jpg 510w, https:\/\/dichvuxeghepgiare.com\/wp-content\/uploads\/2025\/06\/datxegiare-7-768x575-1.jpg 768w\" sizes=\"auto, (max-width: 300px) 100vw, 300px\" \/>\t\t\t\t\t\t\t<\/a>\n  \t\t\t\t\t\t\t  \t\t\t\t\t\t\t  \t\t\t\t\t\t<\/div>\n  \t\t\t\t\t\t  \t\t\t\t\t<\/div>\n          \t\t\t\t\t<div class=\"box-text text-center\" >\n\t\t\t\t\t<div class=\"box-text-inner blog-post-inner\">\n\n\t\t\t\t\t\n\t\t\t\t\t\t\t\t\t\t<h5 class=\"post-title is-large \">\n\t\t\t\t\t\t<a href=\"https:\/\/dichvuxeghepgiare.com\/index.php\/2025\/06\/17\/top-5-xe-limousine-ha-noi-hai-duong-gia-re-dich-vu-tot-nhat\/\" class=\"plain\">Top 5 xe limousine H\u00e0 N\u1ed9i H\u1ea3i D\u01b0\u01a1ng gi\u00e1 r\u1ebb, d\u1ecbch v\u1ee5 t\u1ed1t nh\u1ea5t<\/a>\n\t\t\t\t\t<\/h5>\n\t\t\t\t\t\t\t\t\t\t<div class=\"is-divider\"><\/div>\n\t\t\t\t\t                    \n\t\t\t\t\t\n\t\t\t\t\t\n\t\t\t\t\t<\/div>\n\t\t\t\t\t<\/div>\n\t\t\t\t\t\t\t\t\t<\/div>\n\t\t\t<\/div>\n\t\t<\/div><div class=\"col post-item\" >\n\t\t\t<div class=\"col-inner\">\n\t\t\t\t<div class=\"box box-vertical box-text-bottom box-blog-post has-hover\">\n            \t\t\t\t\t<div class=\"box-image\" style=\"width:43%;\">\n  \t\t\t\t\t\t<div class=\"image-cover\" style=\"padding-top:89%;\">\n\t\t\t\t\t\t\t<a href=\"https:\/\/dichvuxeghepgiare.com\/index.php\/2025\/06\/17\/bang-gia-cho-thue-xe-16-cho-tai-tp-hcm\/\" class=\"plain\" aria-label=\"B\u1ea3ng gi\u00e1 cho thu\u00ea xe 16 ch\u1ed7 t\u1ea1i TP HCM\">\n\t\t\t\t\t\t\t\t<img loading=\"lazy\" decoding=\"async\" width=\"300\" height=\"225\" src=\"https:\/\/dichvuxeghepgiare.com\/wp-content\/uploads\/2025\/06\/2898c2970c0eb350ea1f-768x576-1-300x225.jpg\" class=\"attachment-medium size-medium wp-post-image\" alt=\"\" srcset=\"https:\/\/dichvuxeghepgiare.com\/wp-content\/uploads\/2025\/06\/2898c2970c0eb350ea1f-768x576-1-300x225.jpg 300w, https:\/\/dichvuxeghepgiare.com\/wp-content\/uploads\/2025\/06\/2898c2970c0eb350ea1f-768x576-1-510x383.jpg 510w, https:\/\/dichvuxeghepgiare.com\/wp-content\/uploads\/2025\/06\/2898c2970c0eb350ea1f-768x576-1.jpg 768w\" sizes=\"auto, (max-width: 300px) 100vw, 300px\" \/>\t\t\t\t\t\t\t<\/a>\n  \t\t\t\t\t\t\t  \t\t\t\t\t\t\t  \t\t\t\t\t\t<\/div>\n  \t\t\t\t\t\t  \t\t\t\t\t<\/div>\n          \t\t\t\t\t<div class=\"box-text text-center\" >\n\t\t\t\t\t<div class=\"box-text-inner blog-post-inner\">\n\n\t\t\t\t\t\n\t\t\t\t\t\t\t\t\t\t<h5 class=\"post-title is-large \">\n\t\t\t\t\t\t<a href=\"https:\/\/dichvuxeghepgiare.com\/index.php\/2025\/06\/17\/bang-gia-cho-thue-xe-16-cho-tai-tp-hcm\/\" class=\"plain\">B\u1ea3ng gi\u00e1 cho thu\u00ea xe 16 ch\u1ed7 t\u1ea1i TP HCM<\/a>\n\t\t\t\t\t<\/h5>\n\t\t\t\t\t\t\t\t\t\t<div class=\"is-divider\"><\/div>\n\t\t\t\t\t                    \n\t\t\t\t\t\n\t\t\t\t\t\n\t\t\t\t\t<\/div>\n\t\t\t\t\t<\/div>\n\t\t\t\t\t\t\t\t\t<\/div>\n\t\t\t<\/div>\n\t\t<\/div><\/div>\n\n\n\t\t<\/div>\n\t\t\t\t\t<\/div>\n\n\t\n\n<\/div>\n\n\t\t<\/div>\n\n\t\t\n<style>\n#section_411623691 {\n  padding-top: 30px;\n  padding-bottom: 30px;\n}\n<\/style>\n\t<\/section>\n\t\n\n","protected":false},"excerpt":{"rendered":"","protected":false},"author":1,"featured_media":0,"parent":0,"menu_order":0,"comment_status":"closed","ping_status":"closed","template":"","meta":{"footnotes":""},"class_list":["post-84","page","type-page","status-publish","hentry"],"_links":{"self":[{"href":"https:\/\/dichvuxeghepgiare.com\/index.php\/wp-json\/wp\/v2\/pages\/84","targetHints":{"allow":["GET"]}}],"collection":[{"href":"https:\/\/dichvuxeghepgiare.com\/index.php\/wp-json\/wp\/v2\/pages"}],"about":[{"href":"https:\/\/dichvuxeghepgiare.com\/index.php\/wp-json\/wp\/v2\/types\/page"}],"author":[{"embeddable":true,"href":"https:\/\/dichvuxeghepgiare.com\/index.php\/wp-json\/wp\/v2\/users\/1"}],"replies":[{"embeddable":true,"href":"https:\/\/dichvuxeghepgiare.com\/index.php\/wp-json\/wp\/v2\/comments?post=84"}],"version-history":[{"count":4,"href":"https:\/\/dichvuxeghepgiare.com\/index.php\/wp-json\/wp\/v2\/pages\/84\/revisions"}],"predecessor-version":[{"id":303,"href":"https:\/\/dichvuxeghepgiare.com\/index.php\/wp-json\/wp\/v2\/pages\/84\/revisions\/303"}],"wp:attachment":[{"href":"https:\/\/dichvuxeghepgiare.com\/index.php\/wp-json\/wp\/v2\/media?parent=84"}],"curies":[{"name":"wp","href":"https:\/\/api.w.org\/{rel}","templated":true}]}}